{"id":9732,"date":"2021-05-04T08:15:59","date_gmt":"2021-05-04T08:15:59","guid":{"rendered":"https:\/\/hshs.pl\/idea_lab\/"},"modified":"2022-06-15T06:04:20","modified_gmt":"2022-06-15T06:04:20","slug":"idea_lab","status":"publish","type":"page","link":"https:\/\/hshs.pl\/en\/idea_lab\/","title":{"rendered":"How to have lots of good and useful ideas"},"content":{"rendered":"[vc_row equal_height=&#8221;&#8221; background_type=&#8221;image&#8221; background_color=&#8221;lightergrey&#8221; shift_y=&#8221;0&#8243; z_index=&#8221;0&#8243; css=&#8221;.vc_custom_1574684937503{margin-bottom: 5px !important;border-bottom-width: 0px !important;padding-bottom: 0px !important;}&#8221;][vc_column shift_x=&#8221;0&#8243; shift_y=&#8221;0&#8243; z_index=&#8221;0&#8243;][vc_custom_heading text=&#8221;Idea Lab&#8221; font_size=&#8221;&#8221; font_family=&#8221;&#8221; font_weight=&#8221;700&#8243; tag=&#8221;h1&#8243;][vc_separator el_width=&#8221;30%&#8221; color=&#8221;darkgrey&#8221;][vc_column_text]\n<p style=\"text-align: center;\"><span style=\"font-weight: 400;\">A fast and practical online course designed to increase the effectiveness of inventing and bringing good ideas to life. The course builds a mindset conducive to creativity, shows specific techniques and walks you through the entire process &#8211; from finding inspiration through generating solutions to selecting ideas. All substantively and in friendly atmosphere \ud83d\ude42<\/span><\/p>\n[\/vc_column_text][vc_empty_space height=&#8221;50px&#8221;][\/vc_column][\/vc_row][vc_row][vc_column width=&#8221;1\/4&#8243;][vc_icon type=&#8221;entypo&#8221; icon_entypo=&#8221;entypo-icon entypo-icon-feather&#8221; color=&#8221;secondary_accent&#8221; css=&#8221;.vc_custom_1599747793734{margin-bottom: 1px !important;border-bottom-width: 1px !important;padding-bottom: 1px !important;}&#8221;][vc_column_text]\n<p style=\"text-align: center;\"><b data-stringify-type=\"bold\">Once and for all: the entire course is one 4-hour meeting<br \/>\n<\/b>[\/vc_column_text][vc_icon type=&#8221;entypo&#8221; icon_entypo=&#8221;entypo-icon entypo-icon-folder&#8221; color=&#8221;secondary_accent&#8221; css=&#8221;.vc_custom_1599746561402{margin-bottom: 1px !important;border-bottom-width: 1px !important;padding-bottom: 1px !important;}&#8221;][vc_column_text]\n<p style=\"text-align: center;\"><strong>You can use: set of materials from the training<\/strong><\/p>\n[\/vc_column_text][\/vc_column][vc_column width=&#8221;1\/4&#8243;][vc_icon type=&#8221;entypo&#8221; icon_entypo=&#8221;entypo-icon entypo-icon-tools&#8221; color=&#8221;secondary_accent&#8221; css=&#8221;.vc_custom_1599746451209{margin-bottom: 1px !important;border-bottom-width: 1px !important;padding-bottom: 1px !important;}&#8221;][vc_column_text]\n<p style=\"text-align: center;\"><strong>A real workshop: knowledge, tools, exercises &#8211; online, but all &#8220;live&#8221;<\/strong><\/p>\n[\/vc_column_text][vc_icon type=&#8221;entypo&#8221; icon_entypo=&#8221;entypo-icon entypo-icon-trophy&#8221; color=&#8221;secondary_accent&#8221; css=&#8221;.vc_custom_1599747834443{margin-bottom: 1px !important;border-bottom-width: 1px !important;padding-bottom: 1px !important;}&#8221;][vc_column_text]\n<p style=\"text-align: center;\"><strong>You can show off: certificate of participation in training<\/strong><\/p>\n[\/vc_column_text][\/vc_column][vc_column width=&#8221;1\/4&#8243;][vc_icon type=&#8221;entypo&#8221; icon_entypo=&#8221;entypo-icon entypo-icon-users&#8221; color=&#8221;secondary_accent&#8221; css=&#8221;.vc_custom_1599746516024{margin-bottom: 1px !important;border-bottom-width: 1px !important;padding-bottom: 1px !important;}&#8221;][vc_column_text]\n<p style=\"text-align: center;\"><strong>Friendly and interactive: small group (maximum 10 people), space for questions and discussion<\/strong><\/p>\n[\/vc_column_text][vc_icon type=&#8221;entypo&#8221; icon_entypo=&#8221;entypo-icon entypo-icon-chat&#8221; color=&#8221;secondary_accent&#8221; css=&#8221;.vc_custom_1599747850700{margin-bottom: 1px !important;border-bottom-width: 1px !important;padding-bottom: 1px !important;}&#8221;][vc_column_text]\n<p style=\"text-align: center;\"><strong>Extra: 60 minutes of individual consultations for everyone as a follow-up to the training<\/strong><\/p>\n[\/vc_column_text][\/vc_column][vc_column width=&#8221;1\/4&#8243;][vc_empty_space height=&#8221;60px&#8221;][vc_column_text]\n<p style=\"text-align: center;\"><span style=\"font-size: 20px;\"><strong><span style=\"font-size: 16px;\"><br \/>\n<\/span><\/strong><\/span><span style=\"font-size: 20px;\"><strong><span class=\"wvc-highlight wvc-highlight-yellow\">450 PLN + 23% Vat<\/span><\/strong><br \/>\n<\/span><\/p>\n[\/vc_column_text][vc_button title=&#8221;New date coming soon&#8221; color=&#8221;secondary_accent&#8221; size=&#8221;md&#8221; hover_effect=&#8221;background&#8221; font_weight=&#8221;700&#8243; link=&#8221;url:https%3A%2F%2Fhshs.pl%2Fsklep%2Fidea-lab-2%2F|||&#8221;][\/vc_column][\/vc_row][vc_row content_width=&#8221;full&#8221; equal_height=&#8221;yes&#8221; background_type=&#8221;image&#8221; background_img=&#8221;7560&#8243; background_effect=&#8221;parallax&#8221; background_img_lazyload=&#8221;1&#8243; add_overlay=&#8221;yes&#8221; overlay_opacity=&#8221;50&#8243; shift_y=&#8221;-10&#8243; z_index=&#8221;0&#8243; css=&#8221;.vc_custom_1604410467050{margin-bottom: 5px !important;border-bottom-width: 0px !important;padding-bottom: 0px !important;}&#8221;][vc_column width=&#8221;1\/6&#8243; shift_x=&#8221;0&#8243; shift_y=&#8221;0&#8243; z_index=&#8221;0&#8243;][\/vc_column][vc_column width=&#8221;2\/3&#8243;][vc_empty_space height=&#8221;100&#8243;][vc_custom_heading text=&#8221;You can never have too many good ideas. They allow to more effectively solve problems, find new opportunities and achieve important goals. Practical creativity is a skill of inventing new, original and useful ideas. It can be learned and that is what this course is about.&#8221; font_size=&#8221;24&#8243; font_family=&#8221;&#8221; color=&#8221;white&#8221; font_weight=&#8221;400&#8243;][vc_empty_space height=&#8221;40&#8243;][\/vc_column][vc_column width=&#8221;1\/6&#8243;][\/vc_column][\/vc_row][vc_row equal_height=&#8221;yes&#8221; gap=&#8221;100&#8243; shift_y=&#8221;0&#8243; z_index=&#8221;0&#8243; css=&#8221;.vc_custom_1574873612310{margin-top: 5px !important;border-top-width: 0px !important;padding-top: 5px !important;}&#8221;][vc_column width=&#8221;1\/6&#8243; shift_x=&#8221;0&#8243; shift_y=&#8221;0&#8243; z_index=&#8221;0&#8243; css=&#8221;.vc_custom_1574685370874{border-right-width: 100px !important;}&#8221;][\/vc_column][vc_column width=&#8221;2\/3&#8243;][vc_empty_space height=&#8221;100&#8243;][vc_column_text]\n<p style=\"text-align: center;\"><span style=\"font-weight: 400;\">Creativity used to be thought of as something magical. Today, it is considered a specific skill, often missing from training and development programs. Meanwhile, knowledge and expertise are often not enough if we want to achieve truly innovative results. It is necessary to understand the essence of the creative process and use of specific tools, which will facilitate the creation and development of ideas.<\/span><\/p>\n[\/vc_column_text][vc_empty_space height=&#8221;40&#8243;][\/vc_column][vc_column width=&#8221;1\/6&#8243;][\/vc_column][\/vc_row][vc_row column_type=&#8221;block&#8221; full_height=&#8221;yes&#8221; gap=&#8221;100&#8243; shift_y=&#8221;0&#8243; z_index=&#8221;0&#8243; css=&#8221;.vc_custom_1599046982217{margin-top: 5px !important;border-top-width: 0px !important;padding-top: 5px !important;}&#8221;][vc_column width=&#8221;1\/2&#8243; background_type=&#8221;slideshow&#8221; slideshow_speed=&#8221;3000&#8243; add_overlay=&#8221;yes&#8221; overlay_opacity=&#8221;40&#8243; shift_x=&#8221;0&#8243; shift_y=&#8221;0&#8243; z_index=&#8221;0&#8243; css=&#8221;.vc_custom_1604410771443{border-right-width: 100px !important;}&#8221; slideshow_img_ids=&#8221;7191,7561,7563,7558&#8243;][\/vc_column][vc_column width=&#8221;1\/2&#8243; background_type=&#8221;image&#8221; background_color=&#8221;secondary_accent&#8221; background_img_lazyload=&#8221;1&#8243; shift_x=&#8221;0&#8243; shift_y=&#8221;0&#8243; z_index=&#8221;0&#8243;][vc_column_text]\n<h2 class=\"wvc-fittext wvc-text-color-white\" data-max-font-size=\"24\" data-min-font-size=\"18\">Build a creative mindset and learn specific work techniques to generate good ideas. Useful at work and in private life.<\/h2>\n[\/vc_column_text][vc_empty_space height=&#8221;24&#8243;][vc_button title=&#8221;Sign up!&#8221; color=&#8221;white&#8221; hover_effect=&#8221;background&#8221; i_align=&#8221;right&#8221; i_icon_fontawesome=&#8221;fa fa-pencil&#8221; font_weight=&#8221;700&#8243; add_icon=&#8221;true&#8221; link=&#8221;url:https%3A%2F%2Fhshs.pl%2Fsklep%2Fidea-lab-2%2F|||&#8221;][\/vc_column][\/vc_row][vc_row columns_placement=&#8221;top&#8221; equal_height=&#8221;yes&#8221; shift_y=&#8221;0&#8243; z_index=&#8221;0&#8243;][vc_column width=&#8221;1\/2&#8243; background_type=&#8221;image&#8221; shift_x=&#8221;0&#8243; shift_y=&#8221;0&#8243; z_index=&#8221;0&#8243; inline_style=&#8221;border: 1px solid black;&#8221;][vc_icon media_type=&#8221;animated_icon&#8221; animated_icon_lineaicons=&#8221;linea-basic-calendar&#8221; size=&#8221;fa-5x&#8221; title_text_transform=&#8221;uppercase&#8221; title_tag=&#8221;h5&#8243; title=&#8221;Training framework and topics&#8221;][vc_column_text]\n<ul>\n<li style=\"font-weight: 400;\" aria-level=\"1\"><span style=\"font-weight: 400;\">First things first: Top 5 mistakes that inhibit practical creativity and that you need to avoid<\/span><\/li>\n<li style=\"font-weight: 400;\" aria-level=\"1\"><span style=\"font-weight: 400;\">First (creative) mass, then (creative) sculpture &#8211; the magic of divergence<\/span><\/li>\n<li style=\"font-weight: 400;\" aria-level=\"1\"><span style=\"font-weight: 400;\">Brainstorm &#8211; how to do it right (technique 1)<\/span><\/li>\n<li style=\"font-weight: 400;\" aria-level=\"1\"><span style=\"font-weight: 400;\">And now it&#8217;s time for quality &#8211; how to choose the best ideas (technique 2)<\/span><\/li>\n<li style=\"font-weight: 400;\" aria-level=\"1\"><span style=\"font-weight: 400;\">Good ideas don&#8217;t come from nowhere &#8211; where to find inspiration and how to do it efficiently (technique 3)<\/span><\/li>\n<li style=\"font-weight: 400;\" aria-level=\"1\"><span style=\"font-weight: 400;\">There is no app for this, but there is a method: how to carry out the creative process step by step<\/span><\/li>\n<li style=\"font-weight: 400;\" aria-level=\"1\"><span style=\"font-weight: 400;\">And now let&#8217;s do it in practice &#8211; simulating the creative process on a specific problem.<\/span><\/li>\n<\/ul>\n[\/vc_column_text][\/vc_column][vc_column width=&#8221;1\/2&#8243; background_type=&#8221;image&#8221; shift_x=&#8221;0&#8243; shift_y=&#8221;0&#8243; z_index=&#8221;0&#8243; inline_style=&#8221;border: 1px solid black;&#8221;][vc_icon media_type=&#8221;animated_icon&#8221; animated_icon_lineaicons=&#8221;linea-basic-cup&#8221; size=&#8221;fa-5x&#8221; title_text_transform=&#8221;uppercase&#8221; title_tag=&#8221;h5&#8243; title=&#8221;What will you gain:&#8221;][vc_column_text]\n<ul>\n<li style=\"font-weight: 400;\" aria-level=\"1\"><span style=\"font-weight: 400;\">You will discover 5 common mistakes that limit creativity.<\/span><\/li>\n<li style=\"font-weight: 400;\" aria-level=\"1\"><span style=\"font-weight: 400;\">You will learn what elements make up a proper creative process and what each of them consists of.<\/span><\/li>\n<li style=\"font-weight: 400;\" aria-level=\"1\"><span style=\"font-weight: 400;\">You will learn 3 specific tools for finding inspiration, coming up with and selecting ideas.<\/span><\/li>\n<li style=\"font-weight: 400;\" aria-level=\"1\"><span style=\"font-weight: 400;\">You will save time and energy, because you will be able to better organize the creative process.<\/span><\/li>\n<li style=\"font-weight: 400;\" aria-level=\"1\"><span style=\"font-weight: 400;\">You will achieve greater peace of mind and self-efficacy in coming up with ideas.<\/span><\/li>\n<\/ul>\n[\/vc_column_text][\/vc_column][\/vc_row][vc_row equal_height=&#8221;yes&#8221; gap=&#8221;100px&#8221; shift_y=&#8221;0&#8243; z_index=&#8221;0&#8243; css=&#8221;.vc_custom_1574259945813{margin-top: 5px !important;border-top-width: 0px !important;padding-top: 5px !important;}&#8221;][vc_column width=&#8221;1\/6&#8243;][\/vc_column][vc_column width=&#8221;2\/3&#8243; font_color=&#8221;dark&#8221; background_type=&#8221;image&#8221; background_color=&#8221;lightergrey&#8221; background_img_lazyload=&#8221;1&#8243; shift_x=&#8221;0&#8243; shift_y=&#8221;0&#8243; z_index=&#8221;0&#8243;][vc_column_text]<strong><span style=\"font-size: 24px;\">Who is this training for?<\/span><\/strong><\/p>\n<p><strong>For anyone who wants to improve their effectiveness of coming up with new and useful ideas. Good ideas are needed in every organization and job today, so this course is simply for everyone:) It can be especially useful for people<\/strong><\/p>\n<ul>\n<li style=\"font-weight: 400;\" aria-level=\"1\"><strong>Working in R&amp;D, design, advertising and other areas where finding good ideas is part of the daily work.<\/strong><\/li>\n<li style=\"font-weight: 400;\" aria-level=\"1\"><strong>Coordinating the work of teams (e.g. leaders and managers, scrum masters, agile coaches).<\/strong><\/li>\n<li style=\"font-weight: 400;\" aria-level=\"1\"><strong>Those who want to improve organizational processes &#8211; from candidate experience or communication between teams to customer relationship management or supply chain management.<\/strong><\/li>\n<li style=\"font-weight: 400;\" aria-level=\"1\"><strong>Those who want to develop creative competencies in organizations &#8211; e.g. people working as HR business partners, people &amp; culture, learning &amp; development.<\/strong><\/li>\n<\/ul>\n[\/vc_column_text][\/vc_column][vc_column width=&#8221;1\/6&#8243;][\/vc_column][\/vc_row][vc_row equal_height=&#8221;&#8221; background_type=&#8221;image&#8221; background_color=&#8221;custom&#8221; background_img_lazyload=&#8221;1&#8243; shift_y=&#8221;0&#8243; z_index=&#8221;0&#8243; background_custom_color=&#8221;#45526e&#8221;][vc_column][vc_custom_heading text=&#8221;What will it look like?&#8221; font_size=&#8221;48&#8243; font_family=&#8221;&#8221; color=&#8221;white&#8221; font_weight=&#8221;700&#8243;][vc_row_inner][vc_column_inner width=&#8221;1\/2&#8243;][vc_custom_heading text=&#8221;&gt; The training is one 4-hour online meeting&#8221; font_size=&#8221;18&#8243; font_family=&#8221;&#8221; text_align=&#8221;left&#8221; color=&#8221;white&#8221; font_weight=&#8221;700&#8243;][vc_custom_heading text=&#8221;&gt; The training will take place&#8230;&#8221; font_size=&#8221;18&#8243; font_family=&#8221;&#8221; text_align=&#8221;left&#8221; color=&#8221;white&#8221; font_weight=&#8221;700&#8243;][vc_custom_heading text=&#8221;&gt; We will be running the meeting using Zoom (just click on the link we will send you to join the meeting)&#8221; font_size=&#8221;18&#8243; font_family=&#8221;&#8221; text_align=&#8221;left&#8221; color=&#8221;white&#8221; font_weight=&#8221;700&#8243;][\/vc_column_inner][vc_column_inner width=&#8221;1\/2&#8243;][vc_custom_heading text=&#8221;&gt; The meetings are interactive &#8211; there will be an opportunity for discussion and collaboration with the leading participant(s), so you will need a working microphone and camera&#8221; font_size=&#8221;18&#8243; font_family=&#8221;&#8221; text_align=&#8221;left&#8221; color=&#8221;white&#8221; font_weight=&#8221;700&#8243;][vc_custom_heading text=&#8221;&gt; At the end you will receive a certificate and a packet of materials from us, as well as a set of recommended resources on creativity&#8221; font_size=&#8221;18&#8243; font_family=&#8221;&#8221; text_align=&#8221;left&#8221; color=&#8221;white&#8221; font_weight=&#8221;700&#8243;][vc_custom_heading text=&#8221;&gt; Extra: 60 minutes of individual consultations for everyone as a follow-up to the training&#8221; font_size=&#8221;18&#8243; font_family=&#8221;&#8221; text_align=&#8221;left&#8221; color=&#8221;white&#8221; font_weight=&#8221;700&#8243;][\/vc_column_inner][\/vc_row_inner][vc_empty_space][vc_button title=&#8221;Sign up!&#8221; color=&#8221;white&#8221; hover_effect=&#8221;background&#8221; font_weight=&#8221;700&#8243; link=&#8221;url:https%3A%2F%2Fhshs.pl%2Fsklep%2Fidea-lab-2%2F|||&#8221;][\/vc_column][\/vc_row][vc_row equal_height=&#8221;&#8221; background_type=&#8221;image&#8221; background_color=&#8221;lightergrey&#8221; background_img_lazyload=&#8221;1&#8243; shift_y=&#8221;0&#8243; z_index=&#8221;0&#8243;][vc_column][vc_custom_heading text=&#8221;Opinions of our workshop participants&#8221; font_size=&#8221;48&#8243; font_family=&#8221;&#8221; font_weight=&#8221;700&#8243;][wvc_testimonial_slider][wvc_testimonial_slide text=&#8221;Zgrany duet przeprowadzi\u0142 grup\u0119 przez szkolenie p\u0142ynnie, aktywnie, w odpowiedniej relacji &#8220;zakres materia\u0142u &#8211; czas&#8220;, efektywnie u\u017cywaj\u0105c narz\u0119dzi do pracy zdalnej. By\u0142o warto uczestniczy\u0107.&#8221; name=&#8221;Wojciech Soldaty&#8221; rating=&#8221;5&#8243; avatar=&#8221;6991&#8243;][wvc_testimonial_slide text=&#8221;Warsztaty przeprowadzone dynamicznie i interaktywnie, co w formie zdalnej nie jest \u0142atwo uzyska\u0107 i za to przede wszystkim nale\u017c\u0105 si\u0119 prowadz\u0105cemu wielkie brawa! Poza tym \u015bwietne materia\u0142y poszkoleniowe i dalsze wsparcie &#8211; naprawd\u0119 warto skorzysta\u0107!&#8221; name=&#8221;Justyna Wysowska&#8221; rating=&#8221;-1&#8243; avatar=&#8221;7002&#8243;][wvc_testimonial_slide text=&#8221;Wspania\u0142e warsztaty, pozwalaj\u0105ce rozwin\u0105\u0107 umiej\u0119tno\u015bci. Doskona\u0142e prowadzenie i cz\u0119\u015b\u0107 merytoryczna. Zdecydowanie polecam i ch\u0119tnie powt\u00f3rzy\u0142abym je w przysz\u0142o\u015bci. Jest to wiedza, kt\u00f3r\u0105 warto utrwala\u0107 :)&#8221; name=&#8221;Monika&#8221; rating=&#8221;-1&#8243; avatar=&#8221;7001&#8243;][\/wvc_testimonial_slider][\/vc_column][\/vc_row][vc_row equal_height=&#8221;&#8221; shift_y=&#8221;0&#8243; z_index=&#8221;0&#8243; css=&#8221;.vc_custom_1600079256565{margin-bottom: 5px !important;border-bottom-width: 5px !important;padding-bottom: 5px !important;}&#8221;][vc_column width=&#8221;1\/4&#8243;][\/vc_column][vc_column width=&#8221;1\/2&#8243;][vc_custom_heading text=&#8221;Trainer&#8221; font_size=&#8221;48&#8243; font_family=&#8221;&#8221; font_weight=&#8221;700&#8243;][\/vc_column][vc_column width=&#8221;1\/4&#8243;][\/vc_column][\/vc_row][vc_row][vc_column width=&#8221;1\/3&#8243;][vc_single_image image=&#8221;6856&#8243; img_size=&#8221;600&#215;600&#8243; full_width=&#8221;1&#8243; shape=&#8221;circle&#8221; opacity=&#8221;100&#8243;][\/vc_column][vc_column width=&#8221;2\/3&#8243;][vc_empty_space height=&#8221;41px&#8221;][vc_column_text]<b style=\"color: #333333;\" data-stringify-type=\"bold\">Seweryn Rudnicki, PhD ? <span style=\"font-weight: 400;\">scientist, design researcher and facilitator of creative processes. He uses his scientific knowledge about creativity and innovation in working with business clients who are interested in solutions to problems, not in buzzwords. Permanent employee of AGH in Krakow. Co-founder of the Hearts &amp; Heads team, which helps to implement user-centered design and creativity techniques in business. He worked, among others for customers such as Motorola Solutions, Hitachi, HSBC, ABB, AON, PZU, PGNiG, Union Investment, Brainly, Ministry of Infrastructure and Development, Krakow Technology Park and many others.<\/span><\/b>[\/vc_column_text][\/vc_column][\/vc_row][vc_row equal_height=&#8221;&#8221; background_type=&#8221;image&#8221; background_color=&#8221;lightergrey&#8221; background_img_lazyload=&#8221;1&#8243; shift_y=&#8221;0&#8243; z_index=&#8221;0&#8243;][vc_column width=&#8221;1\/6&#8243;][\/vc_column][vc_column width=&#8221;2\/3&#8243;][vc_cta txt_align=&#8221;center&#8221; h2=&#8221;Explore the tools for creating new ideas and put them to use in your work right away!&#8221; font_family=&#8221;&#8221; font_size=&#8221;24&#8243; btn_title=&#8221;Sign up!&#8221; btn_color=&#8221;secondary_accent&#8221; btn_hover_effect=&#8221;background&#8221; btn_i_align=&#8221;right&#8221; btn_i_icon_fontawesome=&#8221;fa fa-pencil&#8221; btn_font_weight=&#8221;700&#8243; btn_add_icon=&#8221;true&#8221; btn_i_hover=&#8221;true&#8221; font_weight=&#8221;700&#8243; h4=&#8221;practical training&#8221; btn_link=&#8221;url:https%3A%2F%2Fhshs.pl%2Fsklep%2Fidea-lab-2%2F|||&#8221;][\/vc_column][vc_column width=&#8221;1\/6&#8243;][\/vc_column][\/vc_row]\n","protected":false},"excerpt":{"rendered":"<p>[vc_row equal_height=&#8221;&#8221; background_type=&#8221;image&#8221; background_color=&#8221;lightergrey&#8221; shift_y=&#8221;0&#8243; z_index=&#8221;0&#8243; css=&#8221;.vc_custom_1574684937503{margin-bottom: 5px !important;border-bottom-width: 0px !important;padding-bottom: 0px !important;}&#8221;][vc_column shift_x=&#8221;0&#8243; shift_y=&#8221;0&#8243; z_index=&#8221;0&#8243;][vc_custom_heading text=&#8221;Idea Lab&#8221; font_size=&#8221;&#8221; font_family=&#8221;&#8221; font_weight=&#8221;700&#8243; tag=&#8221;h1&#8243;][vc_separator el_width=&#8221;30%&#8221; color=&#8221;darkgrey&#8221;][vc_column_text] A fast and practical online course designed to increase the effectiveness of inventing and bringing good ideas to life. The course builds a mindset conducive to creativity, shows specific techniques and&#8230;<\/p>\n<p><a rel=\"bookmark\" class=\"andre_button_alt2 wvc-button wvc-button-size-xs\" href=\"https:\/\/hshs.pl\/en\/idea_lab\/\"><span>Continue reading<\/span><\/a><\/p>\n","protected":false},"author":5,"featured_media":9511,"parent":0,"menu_order":0,"comment_status":"closed","ping_status":"closed","template":"","meta":[],"_links":{"self":[{"href":"https:\/\/hshs.pl\/en\/wp-json\/wp\/v2\/pages\/9732"}],"collection":[{"href":"https:\/\/hshs.pl\/en\/wp-json\/wp\/v2\/pages"}],"about":[{"href":"https:\/\/hshs.pl\/en\/wp-json\/wp\/v2\/types\/page"}],"author":[{"embeddable":true,"href":"https:\/\/hshs.pl\/en\/wp-json\/wp\/v2\/users\/5"}],"replies":[{"embeddable":true,"href":"https:\/\/hshs.pl\/en\/wp-json\/wp\/v2\/comments?post=9732"}],"version-history":[{"count":4,"href":"https:\/\/hshs.pl\/en\/wp-json\/wp\/v2\/pages\/9732\/revisions"}],"predecessor-version":[{"id":9745,"href":"https:\/\/hshs.pl\/en\/wp-json\/wp\/v2\/pages\/9732\/revisions\/9745"}],"wp:featuredmedia":[{"embeddable":true,"href":"https:\/\/hshs.pl\/en\/wp-json\/wp\/v2\/media\/9511"}],"wp:attachment":[{"href":"https:\/\/hshs.pl\/en\/wp-json\/wp\/v2\/media?parent=9732"}],"curies":[{"name":"wp","href":"https:\/\/api.w.org\/{rel}","templated":true}]}}