{"id":9765,"date":"2017-08-28T09:29:29","date_gmt":"2017-08-28T09:29:29","guid":{"rendered":"https:\/\/hshs.pl\/kontakt\/"},"modified":"2022-06-29T09:21:24","modified_gmt":"2022-06-29T09:21:24","slug":"contact-us","status":"publish","type":"page","link":"https:\/\/hshs.pl\/en\/contact-us\/","title":{"rendered":"Contact us"},"content":{"rendered":"[vc_row equal_height=&#8221;&#8221; font_color=&#8221;light&#8221; background_type=&#8221;image&#8221; background_color=&#8221;custom&#8221; shift_y=&#8221;0&#8243; z_index=&#8221;0&#8243; background_custom_color=&#8221;#3d2d31&#8243;][vc_column width=&#8221;1\/2&#8243;][vc_custom_heading text=&#8221;Use our skills!&#8221; font_size=&#8221;30&#8243; font_family=&#8221;&#8221; text_align=&#8221;left&#8221; font_weight=&#8221;700&#8243;][vc_column_text]\n<p class=\"p1\"><span class=\"s1\">Do you want to learn about <strong>design thinking<\/strong> or <strong>service design<\/strong> and use these methods to create innovation, strengthen the creativity of your team, or support their commitment and motivation to improve the company&#8217;s operations?<\/span><\/p>\n<p class=\"p1\"><span class=\"s1\">Would you like to improve the customer experience of your clients or experiences of your employees and candidates?<\/span><\/p>\n<p class=\"p1\"><span class=\"s1\"><strong>Contact us!<\/strong> We are happy to talk! Together we will think about how we can help you in the development of your business.<\/span><\/p>\n[\/vc_column_text][vc_row_inner][vc_column_inner width=&#8221;2\/3&#8243;][vc_column_text]\n<p style=\"text-align: right;\"><strong><span style=\"font-size: 20px;\">Dawid<\/span><\/strong><br \/>\nEmail: <a href=\"mailto:dawid.sobolak@hshs.pl\">dawid.sobolak@hshs.pl<\/a><br \/>\nTel: <a href=\"tel:+48503133328\">+48 503 133 328<\/a><\/p>\n<p style=\"text-align: right;\">hearts&amp;heads<br \/>\nul. Felicjanek 10\/13<br \/>\n31-103 Krak\u00f3w<\/p>\n[\/vc_column_text][\/vc_column_inner][vc_column_inner width=&#8221;1\/3&#8243;][wvc_team_member img_size=&#8221;medium&#8221; alignment=&#8221;right&#8221; image_id=&#8221;8313&#8243;][\/vc_column_inner][\/vc_row_inner][vc_column_text]<span style=\"font-size: 14px;\"><strong>We are part of the MURAL Consultant Network &#8211; an international network of on-line moderators.<\/strong><\/span>[\/vc_column_text][vc_single_image image=&#8221;9101&#8243; img_size=&#8221;custom&#8221; full_width=&#8221;&#8221; alignment=&#8221;left&#8221; text_align_mobile=&#8221;center&#8221; onclick=&#8221;custom_link&#8221; opacity=&#8221;100&#8243; link=&#8221;url:http%3A%2F%2Fmural.co||target:%20_blank|&#8221; custom_img_size=&#8221;150&#215;28&#8243;][\/vc_column][vc_column width=&#8221;1\/2&#8243;][vc_raw_js]JTNDc2NyaXB0JTIwdHlwZSUzRCUyMnRleHQlMkZqYXZhc2NyaXB0JTIyJTIwc3JjJTNEJTIyaHR0cHMlM0ElMkYlMkZhcHAuZ2V0cmVzcG9uc2UuY29tJTJGdmlld193ZWJmb3JtX3YyLmpzJTNGdSUzRHdjbFkxJTI2d2ViZm9ybXNfaWQlM0RoS0dESSUyMiUyMGRhdGEtd2ViZm9ybS1pZCUzRCUyMmhLR0RJJTIyJTNFJTNDJTJGc2NyaXB0JTNFJTBB[\/vc_raw_js][vc_separator][vc_column_text]\n<p style=\"text-align: center;\">Je\u015bli jeszcze nie jeste\u015b gotowa\/y na rozmow\u0119, to zapraszamy do lektury naszych artyku\u0142\u00f3w na <a href=\"http:\/\/www.hshs.pl\/blog\">blogu.<\/a><\/p>\n[\/vc_column_text][wvc_social_icons_custom target=&#8221;_blank&#8221; facebook=&#8221;https:\/\/www.facebook.com\/Hearts-Heads-107269100922549&#8243; linkedin=&#8221;https:\/\/www.linkedin.com\/company\/37040260&#8243;][\/vc_column][\/vc_row]\n","protected":false},"excerpt":{"rendered":"<p>[vc_row equal_height=&#8221;&#8221; font_color=&#8221;light&#8221; background_type=&#8221;image&#8221; background_color=&#8221;custom&#8221; shift_y=&#8221;0&#8243; z_index=&#8221;0&#8243; background_custom_color=&#8221;#3d2d31&#8243;][vc_column width=&#8221;1\/2&#8243;][vc_custom_heading text=&#8221;Use our skills!&#8221; font_size=&#8221;30&#8243; font_family=&#8221;&#8221; text_align=&#8221;left&#8221; font_weight=&#8221;700&#8243;][vc_column_text] Do you want to learn about design thinking or service design and use these methods to create innovation, strengthen the creativity of your team, or support their commitment and motivation to improve the company&#8217;s operations? Would you like to&#8230;<\/p>\n<p><a rel=\"bookmark\" class=\"andre_button_alt2 wvc-button wvc-button-size-xs\" href=\"https:\/\/hshs.pl\/en\/contact-us\/\"><span>Continue reading<\/span><\/a><\/p>\n","protected":false},"author":1,"featured_media":9458,"parent":0,"menu_order":0,"comment_status":"closed","ping_status":"closed","template":"","meta":[],"_links":{"self":[{"href":"https:\/\/hshs.pl\/en\/wp-json\/wp\/v2\/pages\/9765"}],"collection":[{"href":"https:\/\/hshs.pl\/en\/wp-json\/wp\/v2\/pages"}],"about":[{"href":"https:\/\/hshs.pl\/en\/wp-json\/wp\/v2\/types\/page"}],"author":[{"embeddable":true,"href":"https:\/\/hshs.pl\/en\/wp-json\/wp\/v2\/users\/1"}],"replies":[{"embeddable":true,"href":"https:\/\/hshs.pl\/en\/wp-json\/wp\/v2\/comments?post=9765"}],"version-history":[{"count":3,"href":"https:\/\/hshs.pl\/en\/wp-json\/wp\/v2\/pages\/9765\/revisions"}],"predecessor-version":[{"id":9768,"href":"https:\/\/hshs.pl\/en\/wp-json\/wp\/v2\/pages\/9765\/revisions\/9768"}],"wp:featuredmedia":[{"embeddable":true,"href":"https:\/\/hshs.pl\/en\/wp-json\/wp\/v2\/media\/9458"}],"wp:attachment":[{"href":"https:\/\/hshs.pl\/en\/wp-json\/wp\/v2\/media?parent=9765"}],"curies":[{"name":"wp","href":"https:\/\/api.w.org\/{rel}","templated":true}]}}