{"id":9770,"date":"2019-11-18T18:18:34","date_gmt":"2019-11-18T18:18:34","guid":{"rendered":"https:\/\/hshs.pl\/szkolenia\/"},"modified":"2024-04-15T09:26:49","modified_gmt":"2024-04-15T09:26:49","slug":"trainings","status":"publish","type":"page","link":"https:\/\/hshs.pl\/en\/trainings\/","title":{"rendered":"Trainings"},"content":{"rendered":"[vc_row equal_height=&#8221;&#8221; background_type=&#8221;image&#8221; background_img=&#8221;7094&#8243; background_img_lazyload=&#8221;1&#8243; shift_y=&#8221;0&#8243; z_index=&#8221;0&#8243;][vc_column][vc_custom_heading text=&#8221;Trainings&#8221; font_size=&#8221;72&#8243; font_family=&#8221;&#8221; color=&#8221;white&#8221; font_weight=&#8221;700&#8243; letter_spacing=&#8221;1&#8243; tag=&#8221;h1&#8243; css=&#8221;.vc_custom_1656495027827{margin-top: 50px !important;}&#8221;][\/vc_column][\/vc_row][vc_row columns_placement=&#8221;top&#8221; equal_height=&#8221;&#8221; background_type=&#8221;image&#8221; background_color=&#8221;lightergrey&#8221; background_img_lazyload=&#8221;1&#8243; shift_y=&#8221;0&#8243; z_index=&#8221;0&#8243; css=&#8221;.vc_custom_1644255249955{margin-bottom: 15px !important;}&#8221;][vc_column shift_x=&#8221;0&#8243; shift_y=&#8221;0&#8243; z_index=&#8221;0&#8243;][vc_custom_heading text=&#8221;Develop competences of the future.&#8221; font_size=&#8221;30&#8243; font_family=&#8221;&#8221; font_weight=&#8221;500&#8243; tag=&#8221;h3&#8243; css=&#8221;.vc_custom_1656495002267{margin-top: 50px !important;}&#8221;][vc_column_text css=&#8221;.vc_custom_1656494981571{margin-top: -10px !important;}&#8221;]\n<p style=\"text-align: center;\">On-line or stationary<\/p>\n[\/vc_column_text][vc_column_text]\n<p style=\"text-align: center;\"><span style=\"font-size: 20px;\">On our trainings and workshops, we show ways and methods that will allow you to generate more good ideas. We train how to moderate creative work of teams focused on product and service innovations. We also teach how to learn about customer needs.<br \/>\n<\/span><\/p>\n<p style=\"text-align: center;\"><span style=\"font-size: 20px;\">We have cooperated with:<\/span><\/p>\n[\/vc_column_text][vc_row_inner][vc_column_inner width=&#8221;1\/6&#8243;][\/vc_column_inner][vc_column_inner width=&#8221;2\/3&#8243;][vc_gallery type=&#8221;carousel&#8221; img_size=&#8221;thumbnail&#8221; slides_per_view=&#8221;6&#8243; onclick=&#8221;none&#8221; slideshow_speed=&#8221;6000&#8243; nav_arrows=&#8221;false&#8221; nav_arrows_tone=&#8221;dark&#8221; nav_dots_tone=&#8221;dark&#8221; images=&#8221;9013,9014,9015,9017,9018,9019,9020,9021&#8243;][\/vc_column_inner][vc_column_inner width=&#8221;1\/6&#8243;][\/vc_column_inner][\/vc_row_inner][vc_empty_space height=&#8221;120px&#8221;][\/vc_column][\/vc_row][vc_row columns_placement=&#8221;top&#8221; equal_height=&#8221;yes&#8221; css_animation=&#8221;none&#8221; background_type=&#8221;transparent&#8221; gap=&#8221;30&#8243; shift_y=&#8221;-230&#8243; z_index=&#8221;0&#8243;][vc_column column_style=&#8221;boxed&#8221; width=&#8221;1\/3&#8243; shift_x=&#8221;0&#8243; shift_y=&#8221;0&#8243; z_index=&#8221;0&#8243;][vc_custom_heading text=&#8221;How to have good ideas? Facilitation of creative processes&#8221; font_size=&#8221;32&#8243; font_family=&#8221;&#8221; text_align=&#8221;left&#8221; font_weight=&#8221;700&#8243; tag=&#8221;h4&#8243; link=&#8221;url:https%3A%2F%2Fhshs.pl%2Fen%2Ftraining_creative_process%2F|||&#8221;][vc_custom_heading text=&#8221;Practical training on how to lead and support team creativity&#8221; font_size=&#8221;18&#8243; font_family=&#8221;&#8221; text_align=&#8221;left&#8221; color=&#8221;darkgrey&#8221; font_weight=&#8221;300&#8243; css=&#8221;.vc_custom_1713163251021{margin-bottom: 5px !important;}&#8221;][vc_column_text]\n<ul>\n<li>12 hours<\/li>\n<li>max 12 participants<\/li>\n<\/ul>\n<p>Creativity was once thought to be magic. Then that it is the ability of unique individuals. Today, many companies know how to plan and conduct team collaboration to use the creative potential of each person involved in the work.[\/vc_column_text][vc_button button_type=&#8221;andre_button_alt&#8221; title=&#8221;Check the details&#8221; align=&#8221;left&#8221; font_weight=&#8221;700&#8243; link=&#8221;url:https%3A%2F%2Fhshs.pl%2Fen%2Ftraining_creative_process%2F|||&#8221;][\/vc_column][vc_column column_style=&#8221;boxed&#8221; width=&#8221;1\/3&#8243; shift_x=&#8221;0&#8243; shift_y=&#8221;0&#8243; z_index=&#8221;0&#8243;][vc_custom_heading text=&#8221;Design Thinking Intro&#8221; font_size=&#8221;32&#8243; font_family=&#8221;&#8221; text_align=&#8221;left&#8221; font_weight=&#8221;700&#8243; tag=&#8221;h4&#8243; link=&#8221;url:https%3A%2F%2Fhshs.pl%2Fen%2Fdesign-thinking-practical-on-line-training%2F|||&#8221;][vc_custom_heading text=&#8221;Introduction to working with the design thinking method. Familiarization with the process and basic tools.&#8221; font_size=&#8221;18&#8243; font_family=&#8221;&#8221; text_align=&#8221;left&#8221; font_weight=&#8221;300&#8243; css=&#8221;.vc_custom_1713164010408{margin-bottom: 5px !important;}&#8221; link=&#8221;url:https%3A%2F%2Fhshs.pl%2Fdesign-thinking-praktyczne-szkolenie-on-line|||&#8221;][vc_column_text]\n<ul>\n<li>6 hours<\/li>\n<li>max 12 participants<\/li>\n<\/ul>\n<p>By taking part in the training, within four hours you will experience for yourself what &#8216;DT&#8217; is and learn why it is an effective method of solving complex problems.[\/vc_column_text][vc_button button_type=&#8221;andre_button_alt&#8221; title=&#8221;Check the details&#8221; align=&#8221;left&#8221; font_weight=&#8221;700&#8243; link=&#8221;url:https%3A%2F%2Fhshs.pl%2Fen%2Fdesign-thinking-practical-on-line-training%2F|||&#8221;][\/vc_column][vc_column column_style=&#8221;boxed&#8221; width=&#8221;1\/3&#8243; shift_x=&#8221;0&#8243; shift_y=&#8221;0&#8243; z_index=&#8221;0&#8243;][vc_custom_heading text=&#8221;Idea Lab &#8211; How to have lots of good and useful ideas&#8221; font_size=&#8221;32&#8243; font_family=&#8221;&#8221; text_align=&#8221;left&#8221; font_weight=&#8221;700&#8243; tag=&#8221;h4&#8243; link=&#8221;url:https%3A%2F%2Fhshs.pl%2Fen%2Fidea_lab%2F|||&#8221;][vc_custom_heading text=&#8221;A quick and practical online course aimed at improving the effectiveness of coming up with and implementing good ideas.&#8221; font_size=&#8221;18&#8243; font_family=&#8221;&#8221; text_align=&#8221;left&#8221; font_weight=&#8221;300&#8243; css=&#8221;.vc_custom_1713172939251{margin-bottom: 5px !important;}&#8221; link=&#8221;url:https%3A%2F%2Fhshs.pl%2Fidea_lab|||&#8221;][vc_column_text]\n<ul>\n<li>4 hours<\/li>\n<li>max 12 participants<\/li>\n<\/ul>\n<p>Build a creative mindset and learn specific work techniques that help generate good ideas. They will be useful both at work and in private life.[\/vc_column_text][vc_button button_type=&#8221;andre_button_alt&#8221; title=&#8221;Check the details&#8221; align=&#8221;left&#8221; font_weight=&#8221;700&#8243; link=&#8221;url:https%3A%2F%2Fhshs.pl%2Fen%2Fidea_lab%2F|||&#8221;][\/vc_column][\/vc_row][vc_row][vc_column][vc_empty_space height=&#8221;5&#8243;][\/vc_column][\/vc_row][vc_row columns_placement=&#8221;top&#8221; equal_height=&#8221;yes&#8221; css_animation=&#8221;none&#8221; background_type=&#8221;transparent&#8221; gap=&#8221;30&#8243; shift_y=&#8221;-230&#8243; z_index=&#8221;0&#8243;][vc_column column_style=&#8221;boxed&#8221; width=&#8221;1\/3&#8243; shift_x=&#8221;0&#8243; shift_y=&#8221;0&#8243; z_index=&#8221;0&#8243;][vc_custom_heading text=&#8221;Kreatywno\u015b\u0107 dla lider\u00f3w&#8221; font_size=&#8221;32&#8243; font_family=&#8221;&#8221; text_align=&#8221;left&#8221; font_weight=&#8221;700&#8243; tag=&#8221;h4&#8243; link=&#8221;url:https%3A%2F%2Fhshs.pl%2Fkreatywny-lider|||&#8221;][vc_custom_heading text=&#8221;Jak wspiera\u0107 kreatywno\u015b\u0107 pracownik\u00f3w, zespo\u0142\u00f3w i organizacji?&#8221; font_size=&#8221;18&#8243; font_family=&#8221;&#8221; text_align=&#8221;left&#8221; font_weight=&#8221;700&#8243; css=&#8221;.vc_custom_1612253628818{margin-bottom: 5px !important;}&#8221; link=&#8221;url:https%3A%2F%2Fhshs.pl%2Fkreatywny-lider|||&#8221;][vc_column_text]\n<ul>\n<li>12 godzin<\/li>\n<li>max 12 uczestnik\u00f3w<\/li>\n<\/ul>\n<p>Szkolenie on-line o tym, jak sprawi\u0107 \u00a0\u017ceby w Twoim zespole powstawa\u0142o wi\u0119cej dobrych pomys\u0142\u00f3w i wszyscy byli bardziej zapaleni do ich realizacji.[\/vc_column_text][vc_button button_type=&#8221;andre_button_alt&#8221; title=&#8221;Zobacz szczeg\u00f3\u0142y&#8221; align=&#8221;left&#8221; font_weight=&#8221;700&#8243; link=&#8221;url:https%3A%2F%2Fhshs.pl%2Fkreatywny-lider|||&#8221;][\/vc_column][vc_column column_style=&#8221;boxed&#8221; width=&#8221;1\/3&#8243; shift_x=&#8221;0&#8243; shift_y=&#8221;0&#8243; z_index=&#8221;0&#8243;][vc_custom_heading text=&#8221;Service Design &#8211; szybko i praktycznie&#8221; font_size=&#8221;32&#8243; font_family=&#8221;&#8221; text_align=&#8221;left&#8221; font_weight=&#8221;700&#8243; tag=&#8221;h4&#8243; link=&#8221;url:https%3A%2F%2Fhshs.pl%2Fservice-design-sprint%2F|||&#8221;][vc_custom_heading text=&#8221;Jak zaprojektowa\u0107 lub udoskonali\u0107 us\u0142ug\u0119, tak \u017ceby dawa\u0142a \u015bwietne do\u015bwiadczenia klientom?&#8221; font_size=&#8221;18&#8243; font_family=&#8221;&#8221; text_align=&#8221;left&#8221; font_weight=&#8221;700&#8243; css=&#8221;.vc_custom_1599479339294{margin-bottom: 5px !important;}&#8221;][vc_column_text]\n<ul>\n<li>7,5 godziny<\/li>\n<li>max 16 uczestnik\u00f3w<\/li>\n<\/ul>\n<p><span style=\"font-weight: 400;\">Bior\u0105c udzia\u0142 w cyklu szkole\u0144 on-line poznasz i prze\u0107wiczysz w praktyce metod\u0119 i g\u0142\u00f3wne narz\u0119dzia Service Design, <span style=\"font-size: 16px;\">kt\u00f3re p\u00f3\u017aniej wykorzystasz w swojej pracy.<\/span><\/span>[\/vc_column_text][vc_button button_type=&#8221;andre_button_alt&#8221; title=&#8221;Zobacz szczeg\u00f3\u0142y&#8221; align=&#8221;left&#8221; font_weight=&#8221;700&#8243; link=&#8221;|||&#8221;][\/vc_column][vc_column column_style=&#8221;boxed&#8221; width=&#8221;1\/3&#8243; shift_x=&#8221;0&#8243; shift_y=&#8221;0&#8243; z_index=&#8221;0&#8243;][vc_custom_heading text=&#8221;Brainstorm &#8211; get it right&#8221; font_size=&#8221;32&#8243; font_family=&#8221;&#8221; text_align=&#8221;left&#8221; font_weight=&#8221;700&#8243; tag=&#8221;h4&#8243; link=&#8221;url:https%3A%2F%2Fhshs.pl%2Fen%2Fbrainstorm%2F|||&#8221;][vc_custom_heading text=&#8221;A quick and practical online course. Learn to do a good brainstorm to get more good ideas.&#8221; font_size=&#8221;18&#8243; font_family=&#8221;&#8221; text_align=&#8221;left&#8221; font_weight=&#8221;700&#8243; css=&#8221;.vc_custom_1713173146448{margin-bottom: 5px !important;}&#8221; link=&#8221;url:https%3A%2F%2Fhshs.pl%2Fbrainstorm%2F|||&#8221;][vc_column_text]\n<ul>\n<li>3 hours<\/li>\n<li>max 12 participants<\/li>\n<\/ul>\n<p>Learn and test practical brainstorming techniques. They will be useful both at work and in private life.[\/vc_column_text][vc_button button_type=&#8221;andre_button_alt&#8221; title=&#8221;Check the details&#8221; align=&#8221;left&#8221; font_weight=&#8221;700&#8243; link=&#8221;url:https%3A%2F%2Fhshs.pl%2Fen%2Fbrainstorm%2F|||&#8221;][\/vc_column][\/vc_row][vc_row][vc_column][vc_empty_space height=&#8221;5&#8243;][\/vc_column][\/vc_row][vc_row columns_placement=&#8221;top&#8221; equal_height=&#8221;yes&#8221; css_animation=&#8221;none&#8221; background_type=&#8221;transparent&#8221; gap=&#8221;30&#8243; shift_y=&#8221;-230&#8243; z_index=&#8221;0&#8243;][vc_column column_style=&#8221;boxed&#8221; width=&#8221;1\/3&#8243; shift_x=&#8221;0&#8243; shift_y=&#8221;0&#8243; z_index=&#8221;0&#8243;][vc_custom_heading text=&#8221;Projektowanie employee experience z u\u017cyciem service design&#8221; font_size=&#8221;32&#8243; font_family=&#8221;&#8221; text_align=&#8221;left&#8221; font_weight=&#8221;700&#8243; tag=&#8221;h4&#8243; link=&#8221;url:%20https%3A%2F%2Fhshs.pl%2Femployee-experience%2F|||&#8221;][vc_custom_heading text=&#8221;Kr\u00f3tki i praktyczny kurs online pokazuj\u0105cy, jak tworzy\u0107 i budowa\u0107 \u015bwietne Employee Experience&#8221; font_size=&#8221;18&#8243; font_family=&#8221;&#8221; text_align=&#8221;left&#8221; font_weight=&#8221;700&#8243; css=&#8221;.vc_custom_1615205784227{margin-bottom: 5px !important;}&#8221; link=&#8221;url:%20https%3A%2F%2Fhshs.pl%2Femployee-experience%2F|||&#8221;][vc_column_text]\n<ul>\n<li>2 x 4 godziny<\/li>\n<li>max 12 uczestnik\u00f3w<\/li>\n<\/ul>\n<p><span style=\"font-weight: 400;\">20 proc. wiedzy i 80 proc. konkretnych narz\u0119dzi i technik pracy, wywodz\u0105cych si\u0119 ze sprawdzonej metody Service Design.<\/span>[\/vc_column_text][vc_button button_type=&#8221;andre_button_alt&#8221; title=&#8221;Zobacz szczeg\u00f3\u0142y&#8221; align=&#8221;left&#8221; font_weight=&#8221;700&#8243; link=&#8221;url:%20https%3A%2F%2Fhshs.pl%2Femployee-experience%2F|||&#8221;][\/vc_column][vc_column column_style=&#8221;boxed&#8221; width=&#8221;1\/3&#8243; shift_x=&#8221;0&#8243; shift_y=&#8221;0&#8243; z_index=&#8221;0&#8243;][vc_custom_heading text=&#8221;5 technik na dobre pomys\u0142y&#8221; font_size=&#8221;32&#8243; font_family=&#8221;&#8221; text_align=&#8221;left&#8221; font_weight=&#8221;700&#8243; tag=&#8221;h4&#8243; link=&#8221;url:https%3A%2F%2Fhshs.pl%2F5-technik-kreatywnych%2F|||&#8221;][vc_custom_heading text=&#8221;Poznaj narz\u0119dzia generowania nowych pomys\u0142\u00f3w.&#8221; font_size=&#8221;18&#8243; font_family=&#8221;&#8221; text_align=&#8221;left&#8221; font_weight=&#8221;300&#8243; css=&#8221;.vc_custom_1604411938236{margin-bottom: 3px !important;}&#8221;][vc_column_text]\n<ul>\n<li>4 godziny<\/li>\n<li>max 10 uczestnik\u00f3w<\/li>\n<\/ul>\n<p>Zbuduj kreatywny mindset i poznaj konkretne techniki pracy sprzyjaj\u0105ce generowaniu dobrych pomys\u0142\u00f3w. Przydadz\u0105 si\u0119 i w pracy, i w \u017cyciu prywatnym.[\/vc_column_text][vc_button button_type=&#8221;andre_button_alt&#8221; title=&#8221;Zobacz szczeg\u00f3\u0142y&#8221; align=&#8221;left&#8221; font_weight=&#8221;700&#8243; link=&#8221;url:https%3A%2F%2Fhshs.pl%2Fen%2Fidea_lab%2F|||&#8221;][\/vc_column][vc_column column_style=&#8221;boxed&#8221; width=&#8221;1\/3&#8243; shift_x=&#8221;0&#8243; shift_y=&#8221;0&#8243; z_index=&#8221;0&#8243;][vc_custom_heading text=&#8221;Badania odbiorc\u00f3w&#8221; font_size=&#8221;32&#8243; font_family=&#8221;&#8221; text_align=&#8221;left&#8221; font_weight=&#8221;700&#8243; tag=&#8221;h4&#8243; link=&#8221;url:https%3A%2F%2Fhshs.pl%2Fbrainstorm%2F|||&#8221;][vc_custom_heading text=&#8221;Poznaj swoich odbiorc\u00f3w &#8211; praktycznie o badaniu potrzeb i do\u015bwiadcze\u0144&#8221; font_size=&#8221;18&#8243; font_family=&#8221;&#8221; text_align=&#8221;left&#8221; font_weight=&#8221;300&#8243; css=&#8221;.vc_custom_1576615915975{margin-bottom: 3px !important;}&#8221;][vc_column_text]\n<ul>\n<li>7 godzin<\/li>\n<li>max 16 uczestnik\u00f3w<\/li>\n<\/ul>\n<p><span style=\"font-weight: 400;\">Powierzchowna &#8211; taka cz\u0119sto jest wiedza firm o ich odbiorcach. Tworzymy produkty i us\u0142ugi, ale rzadko mamy czas, \u017ceby pozwoli\u0107 sobie na chwil\u0119 refleksji i zastanowi\u0107 si\u0119, jakie w\u0142a\u015bciwie s\u0105 potrzeby naszych odbiorc\u00f3w, klient\u00f3w, czy u\u017cytkownik\u00f3w.<\/span>[\/vc_column_text][vc_button button_type=&#8221;andre_button_alt&#8221; title=&#8221;Wkr\u00f3tce!&#8221; align=&#8221;left&#8221; font_weight=&#8221;700&#8243; link=&#8221;|||&#8221;][\/vc_column][\/vc_row][vc_row][vc_column][vc_column_text]\n<p style=\"text-align: center;\"><span style=\"font-size: 20px;\">***<br \/>\n<\/span>Wszystkie prezentowane szkolenia mog\u0105 by\u0107 realizowane <u>tak\u017ce w wersji stacjonarnej<\/u>. W\u00f3wczas ich formu\u0142a czasowa, liczba uczestnik\u00f3w oraz cena mog\u0105 si\u0119 r\u00f3\u017cni\u0107 od przedstawionych poni\u017cej.<\/p>\n[\/vc_column_text][\/vc_column][\/vc_row]\n","protected":false},"excerpt":{"rendered":"<p>[vc_row equal_height=&#8221;&#8221; background_type=&#8221;image&#8221; background_img=&#8221;7094&#8243; background_img_lazyload=&#8221;1&#8243; shift_y=&#8221;0&#8243; z_index=&#8221;0&#8243;][vc_column][vc_custom_heading text=&#8221;Trainings&#8221; font_size=&#8221;72&#8243; font_family=&#8221;&#8221; color=&#8221;white&#8221; font_weight=&#8221;700&#8243; letter_spacing=&#8221;1&#8243; tag=&#8221;h1&#8243; css=&#8221;.vc_custom_1656495027827{margin-top: 50px !important;}&#8221;][\/vc_column][\/vc_row][vc_row columns_placement=&#8221;top&#8221; equal_height=&#8221;&#8221; background_type=&#8221;image&#8221; background_color=&#8221;lightergrey&#8221; background_img_lazyload=&#8221;1&#8243; shift_y=&#8221;0&#8243; z_index=&#8221;0&#8243; css=&#8221;.vc_custom_1644255249955{margin-bottom: 15px !important;}&#8221;][vc_column shift_x=&#8221;0&#8243; shift_y=&#8221;0&#8243; z_index=&#8221;0&#8243;][vc_custom_heading text=&#8221;Develop competences of the future.&#8221; font_size=&#8221;30&#8243; font_family=&#8221;&#8221; font_weight=&#8221;500&#8243; tag=&#8221;h3&#8243; css=&#8221;.vc_custom_1656495002267{margin-top: 50px !important;}&#8221;][vc_column_text css=&#8221;.vc_custom_1656494981571{margin-top: -10px !important;}&#8221;] On-line or stationary [\/vc_column_text][vc_column_text] On our trainings and workshops, we&#8230;<\/p>\n<p><a rel=\"bookmark\" class=\"andre_button_alt2 wvc-button wvc-button-size-xs\" href=\"https:\/\/hshs.pl\/en\/trainings\/\"><span>Continue reading<\/span><\/a><\/p>\n","protected":false},"author":1,"featured_media":9332,"parent":0,"menu_order":0,"comment_status":"closed","ping_status":"closed","template":"","meta":[],"_links":{"self":[{"href":"https:\/\/hshs.pl\/en\/wp-json\/wp\/v2\/pages\/9770"}],"collection":[{"href":"https:\/\/hshs.pl\/en\/wp-json\/wp\/v2\/pages"}],"about":[{"href":"https:\/\/hshs.pl\/en\/wp-json\/wp\/v2\/types\/page"}],"author":[{"embeddable":true,"href":"https:\/\/hshs.pl\/en\/wp-json\/wp\/v2\/users\/1"}],"replies":[{"embeddable":true,"href":"https:\/\/hshs.pl\/en\/wp-json\/wp\/v2\/comments?post=9770"}],"version-history":[{"count":11,"href":"https:\/\/hshs.pl\/en\/wp-json\/wp\/v2\/pages\/9770\/revisions"}],"predecessor-version":[{"id":10530,"href":"https:\/\/hshs.pl\/en\/wp-json\/wp\/v2\/pages\/9770\/revisions\/10530"}],"wp:featuredmedia":[{"embeddable":true,"href":"https:\/\/hshs.pl\/en\/wp-json\/wp\/v2\/media\/9332"}],"wp:attachment":[{"href":"https:\/\/hshs.pl\/en\/wp-json\/wp\/v2\/media?parent=9770"}],"curies":[{"name":"wp","href":"https:\/\/api.w.org\/{rel}","templated":true}]}}